{"id":2163,"date":"2022-01-16T17:57:45","date_gmt":"2022-01-16T16:57:45","guid":{"rendered":"https:\/\/tickets.nova-cinema.org\/?post_type=product&#038;p=2163"},"modified":"2022-02-25T17:12:36","modified_gmt":"2022-02-25T16:12:36","slug":"un-transport-en-commun-deweneti","status":"publish","type":"product","link":"https:\/\/tickets.nova-cinema.org\/nl\/prevente\/un-transport-en-commun-deweneti\/","title":{"rendered":"UN TRANSPORT EN COMMUN + DEWENETI"},"content":{"rendered":"<p><\/p>\n<div class=\"cartouche\">\n<div class=\"surlignable\"><b class=\"crayon article-titre-24837 \" style=\"color: #504741; font-family: osp-dindin; font-size: 2em; letter-spacing: 1px; text-transform: uppercase;\">Un TRANSPORT EN COMMUN (SAINT-LOUIS-BLUES)<\/b><\/div>\n<\/div>\n<p class=\"fiche\"><small><span class=\"crayon article-realisateur-24840 realisateur\">DYANA GAYE,\u00a0<\/span><span class=\"crayon article-annee-24840 annee\">2009,\u00a0<\/span><span class=\"crayon article-pays-24840 pays\">FR,\u00a0<\/span><span class=\"crayon article-format-24840 format\">DCP,\u00a0<\/span><span class=\"crayon article-soustitrage-24840 soustitrage\">FR\u00a0OND,,\u00a0<\/span><span class=\"crayon article-duree-24840 duree\">48&#8242;<\/span><\/small><\/p>\n<div class=\"surlignable\">\n<div class=\"crayon article-texte-24841 texte entry-content\">\n<p><strong>Dyana Gaye studeerde film in Parijs. Na een paar kortfilms die haar naambekendheid gaven, maar v\u00f2\u00f2r haar eerste langspeelfilm &#8220;Des \u00e9toiles&#8221; uit 2013, regisseerde ze de boeiende musical &#8220;Un transport en commun&#8221;. In ware Demy-stijl wisselt ze dialogen af met duetten, liedjes en ballet. Een bende gevarieerde personages neemt samen een taxi richting Saint-Louis. Maar Dakar verlaten blijkt een heuse hindernissenparcours te zijn&#8230; De lichamen in beweging kruisen de degens en hun verlangens. Levendig en speels, grappig en teder, deze perfect uitgevoerde film is een juweeltje om van te likkebaarden.<\/strong><\/p>\n<p>\u2192 De film wordt gevolgd door een ontmoeting met de regisseur.<\/p>\n<div id=\"24838\" class=\"film\">\n<h3><span class=\"visibilite\">+<\/span>\u00a0<b class=\"crayon article-titre-24838 \">DEWENETI<\/b><\/h3>\n<p class=\"fiche\"><small><span class=\"crayon article-realisateur-24837 realisateur\">DYANA GAYE,\u00a0<\/span><span class=\"crayon article-annee-24837 annee\">2006,\u00a0<\/span><span class=\"crayon article-pays-24837 pays\">FR,\u00a0<\/span><span class=\"crayon article-format-24837 format\">DCP,\u00a0<\/span><span class=\"crayon article-vo-24837 vo\">OV\u00a0<\/span><span class=\"crayon article-soustitrage-24837 soustitrage\">FR\u00a0OND,,\u00a0<\/span><span class=\"crayon article-duree-24837 duree\">15&#8242;<\/span><\/small><\/p>\n<p><strong>&#8220;Deweneti\u201d won zowat overal ter wereld prijzen en heeft Dyana Gaye en haar levensvreugde op de kaart gezet. De film focust op een kleine straatjongen, wiens onschuldige dromen sprookjesgewijs verweven worden met talrijke nieuwe ontmoetingen.<\/strong><\/p>\n<\/div>\n<\/div>\n<\/div>\n<p><\/p>","protected":false},"excerpt":{"rendered":"<p>Un TRANSPORT EN COMMUN (SAINT-LOUIS-BLUES) DYANA GAYE,\u00a02009,\u00a0FR,\u00a0DCP,\u00a0FR\u00a0OND,,\u00a048&#8242; Dyana Gaye studeerde film in Parijs. Na een paar kortfilms die haar naambekendheid gaven, maar v\u00f2\u00f2r haar eerste langspeelfilm &#8220;Des \u00e9toiles&#8221; uit 2013, regisseerde ze de boeiende musical &#8220;Un transport en commun&#8221;. In ware Demy-stijl wisselt ze&#8230;<\/p>\n","protected":false},"featured_media":2167,"template":"","meta":[],"product_brand":[],"product_cat":[57,32],"product_tag":[],"class_list":{"0":"post-2163","1":"product","2":"type-product","3":"status-publish","4":"has-post-thumbnail","6":"product_cat-cloture","7":"product_cat-non-classe","9":"first","10":"instock","11":"taxable","12":"shipping-taxable","13":"purchasable","14":"product-type-variable"},"_links":{"self":[{"href":"https:\/\/tickets.nova-cinema.org\/nl\/wp-json\/wp\/v2\/product\/2163","targetHints":{"allow":["GET"]}}],"collection":[{"href":"https:\/\/tickets.nova-cinema.org\/nl\/wp-json\/wp\/v2\/product"}],"about":[{"href":"https:\/\/tickets.nova-cinema.org\/nl\/wp-json\/wp\/v2\/types\/product"}],"wp:featuredmedia":[{"embeddable":true,"href":"https:\/\/tickets.nova-cinema.org\/nl\/wp-json\/wp\/v2\/media\/2167"}],"wp:attachment":[{"href":"https:\/\/tickets.nova-cinema.org\/nl\/wp-json\/wp\/v2\/media?parent=2163"}],"wp:term":[{"taxonomy":"product_brand","embeddable":true,"href":"https:\/\/tickets.nova-cinema.org\/nl\/wp-json\/wp\/v2\/product_brand?post=2163"},{"taxonomy":"product_cat","embeddable":true,"href":"https:\/\/tickets.nova-cinema.org\/nl\/wp-json\/wp\/v2\/product_cat?post=2163"},{"taxonomy":"product_tag","embeddable":true,"href":"https:\/\/tickets.nova-cinema.org\/nl\/wp-json\/wp\/v2\/product_tag?post=2163"}],"curies":[{"name":"wp","href":"https:\/\/api.w.org\/{rel}","templated":true}]}}