{"id":1494,"date":"2021-06-16T19:25:01","date_gmt":"2021-06-16T17:25:01","guid":{"rendered":"https:\/\/tickets.nova-cinema.org\/?post_type=product&#038;p=1494"},"modified":"2021-06-25T14:30:58","modified_gmt":"2021-06-25T12:30:58","slug":"chance-concert-cheikhou-ba","status":"publish","type":"product","link":"https:\/\/tickets.nova-cinema.org\/nl\/prevente\/chance-concert-cheikhou-ba\/","title":{"rendered":"Chance + concert Cheikhou Ba"},"content":{"rendered":"<p><strong>20u : &#8220;CHANCE&#8221; (FILM VAN EFFI &amp; AMIR, BE, 2020, DCP, OV FR &amp; NL OND, 75&#8242;)<br \/>\n<\/strong>Vier Soedanese jongeren verschansen zich op een snelwegparking in een vrachtwagen. Ze willen koste wat het kost Engeland bereiken, en zouden er alles voor doen. Het is een nacht als zo vele andere. Een nieuwe poging, een nieuwe kans. In de loop van een nacht herbeleven deze vier jongeren, tussen de vier muren van een rijdende rechthoek, hun dagelijkse realiteit in deze verduisterde doos. <strong>In aanwezigheid van Effi &#038; Amir.<\/strong><\/p>\n<p><strong>21u30 : CHEIKHOU BA, ZAKARIA BOCOUM &amp; BAPTISTE BEIGNON-PIVERT (CONCERT)<\/strong><br \/>\nCheikhou Ba is geboren in Nouakchott, de hoofdstad van Mauritani\u00eb. Nu woont Cheikhou als vluchteling in Belgi\u00eb, maar hij blijft even ge\u00ebngageerd en hij brengt zijn boodschap over met muziek. Auteur-componist, polyvalent artiest, stylist, bouwer en bespeler van traditionele instrumenten\u2026 Zijn passie voor traditionele ritmes leidt hem naar diverse samenwerkingen (blues, afro, jazz, reggae, R&#038;B\u2026). Na de vertoning van de film &#8220;Chance&#8221; speelt hij voor het publiek van Nova in het gezelschap van Zakaria Bocoum en Baptiste Beignon-Pivert. Niet te missen!<br \/>\n<strong>\u2192 Het concert maakt deel uit van de vertoning van &#8220;Chance&#8221;. E\u00e9n tarief voor de vertoning (20u) en het concert (21u30).<\/strong><\/p>","protected":false},"excerpt":{"rendered":"<p>20u : &#8220;CHANCE&#8221; (FILM VAN EFFI &amp; AMIR, BE, 2020, DCP, OV FR &amp; NL OND, 75&#8242;) Vier Soedanese jongeren verschansen zich op een snelwegparking in een vrachtwagen. Ze willen koste wat het kost Engeland bereiken, en zouden er alles voor doen. Het is&#8230;<\/p>\n","protected":false},"featured_media":1498,"template":"","meta":[],"product_brand":[],"product_cat":[32],"product_tag":[],"class_list":{"0":"post-1494","1":"product","2":"type-product","3":"status-publish","4":"has-post-thumbnail","6":"product_cat-non-classe","8":"first","9":"outofstock","10":"taxable","11":"shipping-taxable","12":"purchasable","13":"product-type-variable"},"_links":{"self":[{"href":"https:\/\/tickets.nova-cinema.org\/nl\/wp-json\/wp\/v2\/product\/1494","targetHints":{"allow":["GET"]}}],"collection":[{"href":"https:\/\/tickets.nova-cinema.org\/nl\/wp-json\/wp\/v2\/product"}],"about":[{"href":"https:\/\/tickets.nova-cinema.org\/nl\/wp-json\/wp\/v2\/types\/product"}],"wp:featuredmedia":[{"embeddable":true,"href":"https:\/\/tickets.nova-cinema.org\/nl\/wp-json\/wp\/v2\/media\/1498"}],"wp:attachment":[{"href":"https:\/\/tickets.nova-cinema.org\/nl\/wp-json\/wp\/v2\/media?parent=1494"}],"wp:term":[{"taxonomy":"product_brand","embeddable":true,"href":"https:\/\/tickets.nova-cinema.org\/nl\/wp-json\/wp\/v2\/product_brand?post=1494"},{"taxonomy":"product_cat","embeddable":true,"href":"https:\/\/tickets.nova-cinema.org\/nl\/wp-json\/wp\/v2\/product_cat?post=1494"},{"taxonomy":"product_tag","embeddable":true,"href":"https:\/\/tickets.nova-cinema.org\/nl\/wp-json\/wp\/v2\/product_tag?post=1494"}],"curies":[{"name":"wp","href":"https:\/\/api.w.org\/{rel}","templated":true}]}}